{"id":6905,"date":"2024-07-24T08:48:08","date_gmt":"2024-07-24T08:48:08","guid":{"rendered":"https:\/\/ff.prettylogic.rocks\/book-a-demo-real-time-3d-configurator-consultation\/"},"modified":"2025-01-09T08:16:36","modified_gmt":"2025-01-09T08:16:36","slug":"beratung-real-time-3d-configurator","status":"publish","type":"page","link":"https:\/\/ff.prettylogic.rocks\/de\/beratung-real-time-3d-configurator\/","title":{"rendered":"Book a demo &#8211; BERATUNG REAL-TIME 3D CONFIGURATOR"},"content":{"rendered":"\t\t<div data-elementor-type=\"wp-page\" data-elementor-id=\"6905\" class=\"elementor elementor-6905 elementor-3436\" data-elementor-post-type=\"page\">\n\t\t\t\t<div class=\"elementor-element elementor-element-2686c15 e-flex e-con-boxed e-con e-parent\" data-id=\"2686c15\" data-element_type=\"container\">\n\t\t\t\t\t<div class=\"e-con-inner\">\n\t\t\t\t<div class=\"elementor-element elementor-element-7af376d elementor-widget elementor-widget-heading\" data-id=\"7af376d\" data-element_type=\"widget\" data-widget_type=\"heading.default\">\n\t\t\t\t<div class=\"elementor-widget-container\">\n\t\t\t<style>\/*! elementor - v3.23.0 - 25-07-2024 *\/\n.elementor-heading-title{padding:0;margin:0;line-height:1}.elementor-widget-heading .elementor-heading-title[class*=elementor-size-]>a{color:inherit;font-size:inherit;line-height:inherit}.elementor-widget-heading .elementor-heading-title.elementor-size-small{font-size:15px}.elementor-widget-heading .elementor-heading-title.elementor-size-medium{font-size:19px}.elementor-widget-heading .elementor-heading-title.elementor-size-large{font-size:29px}.elementor-widget-heading .elementor-heading-title.elementor-size-xl{font-size:39px}.elementor-widget-heading .elementor-heading-title.elementor-size-xxl{font-size:59px}<\/style><span class=\"elementor-heading-title elementor-size-default\">Wir sind ganz Ohr<\/span>\t\t<\/div>\n\t\t\t\t<\/div>\n\t\t\t\t<div class=\"elementor-element elementor-element-399c1cc elementor-widget elementor-widget-heading\" data-id=\"399c1cc\" data-element_type=\"widget\" data-widget_type=\"heading.default\">\n\t\t\t\t<div class=\"elementor-widget-container\">\n\t\t\t<h1 class=\"elementor-heading-title elementor-size-default\"><span style=\"color: var( --e-global-color-primary );\">BERATUNG\n<\/span><span style=\"color: var( --e-global-color-primary ); white-space-collapse: collapse;\">REAL-TIME 3D CONFIGURATOR<\/span> <\/h1>\t\t<\/div>\n\t\t\t\t<\/div>\n\t\t\t\t<div class=\"elementor-element elementor-element-910aefa elementor-widget__width-initial elementor-widget elementor-widget-text-editor\" data-id=\"910aefa\" data-element_type=\"widget\" data-widget_type=\"text-editor.default\">\n\t\t\t\t<div class=\"elementor-widget-container\">\n\t\t\t<style>\/*! elementor - v3.23.0 - 25-07-2024 *\/\n.elementor-widget-text-editor.elementor-drop-cap-view-stacked .elementor-drop-cap{background-color:#69727d;color:#fff}.elementor-widget-text-editor.elementor-drop-cap-view-framed .elementor-drop-cap{color:#69727d;border:3px solid;background-color:transparent}.elementor-widget-text-editor:not(.elementor-drop-cap-view-default) .elementor-drop-cap{margin-top:8px}.elementor-widget-text-editor:not(.elementor-drop-cap-view-default) .elementor-drop-cap-letter{width:1em;height:1em}.elementor-widget-text-editor .elementor-drop-cap{float:left;text-align:center;line-height:1;font-size:50px}.elementor-widget-text-editor .elementor-drop-cap-letter{display:inline-block}<\/style>\t\t\t\t<p>Bereit, Ihre Produktpr\u00e4sentation mit einem individuellen Real-time 3D Konfigurator zu revolutionieren? Buchen Sie ein kostenloses Kickstart-Meeting mit unseren Spezialisten, um Ihre Bed\u00fcrfnisse zu besprechen und herauszufinden, wie wir eine interaktive 3D-L\u00f6sung entwickeln k\u00f6nnen, die perfekt auf Ihr Unternehmen zugeschnitten ist. In diesem Meeting tauchen wir in Ihr Projekt ein, erkunden Ihre Ziele und skizzieren die Schritte, um Ihre Vision zum Leben zu erwecken.<\/p><p>Legen wir los! F\u00fcllen Sie das untenstehende Formular aus, um uns zu kontaktieren. Unser Team wird sich mit Ihnen in Verbindung setzen, um ein Meeting zu vereinbaren.<\/p>\t\t\t\t\t\t<\/div>\n\t\t\t\t<\/div>\n\t\t\t\t<div class=\"elementor-element elementor-element-66f45b9 contact-form elementor-widget elementor-widget-shortcode\" data-id=\"66f45b9\" data-element_type=\"widget\" data-widget_type=\"shortcode.default\">\n\t\t\t\t<div class=\"elementor-widget-container\">\n\t\t\t\t\t<div class=\"elementor-shortcode\">\n<div class=\"wpcf7 no-js\" id=\"wpcf7-f6933-o1\" lang=\"de-DE\" dir=\"ltr\" data-wpcf7-id=\"6933\">\n<div class=\"screen-reader-response\"><p role=\"status\" aria-live=\"polite\" aria-atomic=\"true\"><\/p> <ul><\/ul><\/div>\n<form action=\"\/de\/wp-json\/wp\/v2\/pages\/6905#wpcf7-f6933-o1\" method=\"post\" class=\"wpcf7-form init\" aria-label=\"Kontaktformular\" novalidate=\"novalidate\" data-status=\"init\">\n<fieldset class=\"hidden-fields-container\"><input type=\"hidden\" name=\"_wpcf7\" value=\"6933\" \/><input type=\"hidden\" name=\"_wpcf7_version\" value=\"6.1.5\" \/><input type=\"hidden\" name=\"_wpcf7_locale\" value=\"de_DE\" \/><input type=\"hidden\" name=\"_wpcf7_unit_tag\" value=\"wpcf7-f6933-o1\" \/><input type=\"hidden\" name=\"_wpcf7_container_post\" value=\"0\" \/><input type=\"hidden\" name=\"_wpcf7_posted_data_hash\" value=\"\" \/><input type=\"hidden\" name=\"_wpcf7_recaptcha_response\" value=\"\" \/>\n<\/fieldset>\n<div class=\"text-white flex flex-col gap-6\">\n  <div class=\"flex sm:gap-8 gap-5 form-fields\">\n    <label> Vorname*\n      <span class=\"wpcf7-form-control-wrap\" data-name=\"first-name\"><input size=\"40\" maxlength=\"400\" class=\"wpcf7-form-control wpcf7-text wpcf7-validates-as-required\" autocomplete=\"name\" aria-required=\"true\" aria-invalid=\"false\" value=\"\" type=\"text\" name=\"first-name\" \/><\/span> <\/label>\n    <label> Nachname*\n      <span class=\"wpcf7-form-control-wrap\" data-name=\"last-name\"><input size=\"40\" maxlength=\"400\" class=\"wpcf7-form-control wpcf7-text wpcf7-validates-as-required\" autocomplete=\"name\" aria-required=\"true\" aria-invalid=\"false\" value=\"\" type=\"text\" name=\"last-name\" \/><\/span> <\/label>\n     <label> E-mail*\n      <span class=\"wpcf7-form-control-wrap\" data-name=\"your-email\"><input size=\"40\" maxlength=\"400\" class=\"wpcf7-form-control wpcf7-email wpcf7-validates-as-required wpcf7-text wpcf7-validates-as-email\" autocomplete=\"email\" aria-required=\"true\" aria-invalid=\"false\" value=\"\" type=\"email\" name=\"your-email\" \/><\/span> <\/label>\n  <\/div>\n\n<label class=\"mb-4\"> Nachricht\n    <span class=\"wpcf7-form-control-wrap\" data-name=\"your-message\"><textarea cols=\"40\" rows=\"10\" maxlength=\"2000\" class=\"wpcf7-form-control wpcf7-textarea\" aria-invalid=\"false\" name=\"your-message\"><\/textarea><\/span> <\/label>\n\n\n<div class=\"wpcf7-response-output\" aria-hidden=\"true\"><\/div>\n<div class=\"mb-4 formcheckbox flex flex-col gap-3\">\n<!-- Mailchimp for WordPress v4.12.1 - https:\/\/www.mc4wp.com\/ --><input type=\"hidden\" name=\"_mc4wp_subscribe_contact-form-7\" value=\"0\" \/><span class=\"mc4wp-checkbox mc4wp-checkbox-contact-form-7 \"><label><input type=\"checkbox\" name=\"_mc4wp_subscribe_contact-form-7\" value=\"1\" ><span>I would like to receive the latest news and announcements by subscribing to the newsletter.<\/span><\/label><\/span><!-- \/ Mailchimp for WordPress -->\n\n<div class=\"xs:flex items-center\">\n<span class=\"wpcf7-form-control-wrap\" data-name=\"checkbox-949\"><span class=\"wpcf7-form-control wpcf7-checkbox wpcf7-validates-as-required\"><span class=\"wpcf7-list-item first last\"><label><input type=\"checkbox\" name=\"checkbox-949[]\" value=\"Ich habe die Daten gelesen und stimme ihnen zu\" \/><span class=\"wpcf7-list-item-label\">Ich habe die Daten gelesen und stimme ihnen zu<\/span><\/label><\/span><\/span><\/span> <a href='\/de\/datenschutz\/' target='_blank' class=\"font-bold\"> Datenschutzrichtlinie <\/a>. *  <\/div>\n<\/div>\n\n\n<\/div>\n\n<div class=\"form-button max-w-[260px] mx-auto mt-2\">\n<div class=\"bg-submit\"><\/div>\n<div class=\"border-animation\"><\/div>\n<input class=\"wpcf7-form-control wpcf7-submit has-spinner\" type=\"submit\" value=\"Abschicken\" \/>\n<\/div>\n<\/div>\n<\/form>\n<\/div>\n<\/div>\n\t\t\t\t<\/div>\n\t\t\t\t<\/div>\n\t\t\t\t\t<\/div>\n\t\t\t\t<\/div>\n\t\t\t\t<\/div>\n\t\t","protected":false},"excerpt":{"rendered":"<p>Wir sind ganz Ohr BERATUNG REAL-TIME 3D CONFIGURATOR Bereit, Ihre Produktpr\u00e4sentation mit einem individuellen Real-time 3D Konfigurator zu revolutionieren? Buchen Sie ein kostenloses Kickstart-Meeting mit unseren Spezialisten, um Ihre Bed\u00fcrfnisse zu besprechen und herauszufinden, wie wir eine interaktive 3D-L\u00f6sung entwickeln k\u00f6nnen, die perfekt auf Ihr Unternehmen zugeschnitten ist. In diesem Meeting tauchen wir in Ihr [&hellip;]<\/p>\n","protected":false},"author":1,"featured_media":0,"parent":0,"menu_order":0,"comment_status":"closed","ping_status":"closed","template":"","meta":{"_acf_changed":false,"footnotes":""},"class_list":["post-6905","page","type-page","status-publish","hentry"],"acf":[],"yoast_head":"<!-- This site is optimized with the Yoast SEO Premium plugin v25.0 (Yoast SEO v27.3) - https:\/\/yoast.com\/product\/yoast-seo-premium-wordpress\/ -->\n<title>Book a demo - BERATUNG REAL-TIME 3D CONFIGURATOR - Friendly Fire<\/title>\n<meta name=\"robots\" content=\"index, follow, max-snippet:-1, max-image-preview:large, max-video-preview:-1\" \/>\n<link rel=\"canonical\" href=\"https:\/\/ff.prettylogic.rocks\/de\/beratung-real-time-3d-configurator\/\" \/>\n<meta property=\"og:locale\" content=\"de_DE\" \/>\n<meta property=\"og:type\" content=\"article\" \/>\n<meta property=\"og:title\" content=\"Book a demo - BERATUNG REAL-TIME 3D CONFIGURATOR\" \/>\n<meta property=\"og:description\" content=\"Wir sind ganz Ohr BERATUNG REAL-TIME 3D CONFIGURATOR Bereit, Ihre Produktpr\u00e4sentation mit einem individuellen Real-time 3D Konfigurator zu revolutionieren? Buchen Sie ein kostenloses Kickstart-Meeting mit unseren Spezialisten, um Ihre Bed\u00fcrfnisse zu besprechen und herauszufinden, wie wir eine interaktive 3D-L\u00f6sung entwickeln k\u00f6nnen, die perfekt auf Ihr Unternehmen zugeschnitten ist. In diesem Meeting tauchen wir in Ihr [&hellip;]\" \/>\n<meta property=\"og:url\" content=\"https:\/\/ff.prettylogic.rocks\/de\/beratung-real-time-3d-configurator\/\" \/>\n<meta property=\"og:site_name\" content=\"Friendly Fire\" \/>\n<meta property=\"article:modified_time\" content=\"2025-01-09T08:16:36+00:00\" \/>\n<meta name=\"twitter:card\" content=\"summary_large_image\" \/>\n<meta name=\"twitter:label1\" content=\"Gesch\u00e4tzte Lesezeit\" \/>\n\t<meta name=\"twitter:data1\" content=\"1\u00a0Minute\" \/>\n<script type=\"application\/ld+json\" class=\"yoast-schema-graph\">{\"@context\":\"https:\\\/\\\/schema.org\",\"@graph\":[{\"@type\":\"WebPage\",\"@id\":\"https:\\\/\\\/ff.prettylogic.rocks\\\/de\\\/beratung-real-time-3d-configurator\\\/\",\"url\":\"https:\\\/\\\/ff.prettylogic.rocks\\\/de\\\/beratung-real-time-3d-configurator\\\/\",\"name\":\"Book a demo - BERATUNG REAL-TIME 3D CONFIGURATOR - Friendly Fire\",\"isPartOf\":{\"@id\":\"https:\\\/\\\/ff.prettylogic.rocks\\\/de\\\/#website\"},\"datePublished\":\"2024-07-24T08:48:08+00:00\",\"dateModified\":\"2025-01-09T08:16:36+00:00\",\"breadcrumb\":{\"@id\":\"https:\\\/\\\/ff.prettylogic.rocks\\\/de\\\/beratung-real-time-3d-configurator\\\/#breadcrumb\"},\"inLanguage\":\"de\",\"potentialAction\":[{\"@type\":\"ReadAction\",\"target\":[\"https:\\\/\\\/ff.prettylogic.rocks\\\/de\\\/beratung-real-time-3d-configurator\\\/\"]}]},{\"@type\":\"BreadcrumbList\",\"@id\":\"https:\\\/\\\/ff.prettylogic.rocks\\\/de\\\/beratung-real-time-3d-configurator\\\/#breadcrumb\",\"itemListElement\":[{\"@type\":\"ListItem\",\"position\":1,\"name\":\"Home\",\"item\":\"https:\\\/\\\/ff.prettylogic.rocks\\\/de\\\/\"},{\"@type\":\"ListItem\",\"position\":2,\"name\":\"Book a demo &#8211; BERATUNG REAL-TIME 3D CONFIGURATOR\"}]},{\"@type\":\"WebSite\",\"@id\":\"https:\\\/\\\/ff.prettylogic.rocks\\\/de\\\/#website\",\"url\":\"https:\\\/\\\/ff.prettylogic.rocks\\\/de\\\/\",\"name\":\"Friendly Fire\",\"description\":\"\",\"publisher\":{\"@id\":\"https:\\\/\\\/ff.prettylogic.rocks\\\/de\\\/#organization\"},\"potentialAction\":[{\"@type\":\"SearchAction\",\"target\":{\"@type\":\"EntryPoint\",\"urlTemplate\":\"https:\\\/\\\/ff.prettylogic.rocks\\\/de\\\/?s={search_term_string}\"},\"query-input\":{\"@type\":\"PropertyValueSpecification\",\"valueRequired\":true,\"valueName\":\"search_term_string\"}}],\"inLanguage\":\"de\"},{\"@type\":\"Organization\",\"@id\":\"https:\\\/\\\/ff.prettylogic.rocks\\\/de\\\/#organization\",\"name\":\"Friendly Fire\",\"url\":\"https:\\\/\\\/ff.prettylogic.rocks\\\/de\\\/\",\"logo\":{\"@type\":\"ImageObject\",\"inLanguage\":\"de\",\"@id\":\"https:\\\/\\\/ff.prettylogic.rocks\\\/de\\\/#\\\/schema\\\/logo\\\/image\\\/\",\"url\":\"https:\\\/\\\/ff.prettylogic.rocks\\\/wp-content\\\/uploads\\\/2024\\\/06\\\/logo.svg\",\"contentUrl\":\"https:\\\/\\\/ff.prettylogic.rocks\\\/wp-content\\\/uploads\\\/2024\\\/06\\\/logo.svg\",\"width\":78,\"height\":65,\"caption\":\"Friendly Fire\"},\"image\":{\"@id\":\"https:\\\/\\\/ff.prettylogic.rocks\\\/de\\\/#\\\/schema\\\/logo\\\/image\\\/\"},\"sameAs\":[\"https:\\\/\\\/www.instagram.com\\\/friendlyfire_productions\\\/\",\"https:\\\/\\\/vimeo.com\\\/friendlyfire3d\"]}]}<\/script>\n<!-- \/ Yoast SEO Premium plugin. -->","yoast_head_json":{"title":"Book a demo - BERATUNG REAL-TIME 3D CONFIGURATOR - Friendly Fire","robots":{"index":"index","follow":"follow","max-snippet":"max-snippet:-1","max-image-preview":"max-image-preview:large","max-video-preview":"max-video-preview:-1"},"canonical":"https:\/\/ff.prettylogic.rocks\/de\/beratung-real-time-3d-configurator\/","og_locale":"de_DE","og_type":"article","og_title":"Book a demo - BERATUNG REAL-TIME 3D CONFIGURATOR","og_description":"Wir sind ganz Ohr BERATUNG REAL-TIME 3D CONFIGURATOR Bereit, Ihre Produktpr\u00e4sentation mit einem individuellen Real-time 3D Konfigurator zu revolutionieren? Buchen Sie ein kostenloses Kickstart-Meeting mit unseren Spezialisten, um Ihre Bed\u00fcrfnisse zu besprechen und herauszufinden, wie wir eine interaktive 3D-L\u00f6sung entwickeln k\u00f6nnen, die perfekt auf Ihr Unternehmen zugeschnitten ist. In diesem Meeting tauchen wir in Ihr [&hellip;]","og_url":"https:\/\/ff.prettylogic.rocks\/de\/beratung-real-time-3d-configurator\/","og_site_name":"Friendly Fire","article_modified_time":"2025-01-09T08:16:36+00:00","twitter_card":"summary_large_image","twitter_misc":{"Gesch\u00e4tzte Lesezeit":"1\u00a0Minute"},"schema":{"@context":"https:\/\/schema.org","@graph":[{"@type":"WebPage","@id":"https:\/\/ff.prettylogic.rocks\/de\/beratung-real-time-3d-configurator\/","url":"https:\/\/ff.prettylogic.rocks\/de\/beratung-real-time-3d-configurator\/","name":"Book a demo - BERATUNG REAL-TIME 3D CONFIGURATOR - Friendly Fire","isPartOf":{"@id":"https:\/\/ff.prettylogic.rocks\/de\/#website"},"datePublished":"2024-07-24T08:48:08+00:00","dateModified":"2025-01-09T08:16:36+00:00","breadcrumb":{"@id":"https:\/\/ff.prettylogic.rocks\/de\/beratung-real-time-3d-configurator\/#breadcrumb"},"inLanguage":"de","potentialAction":[{"@type":"ReadAction","target":["https:\/\/ff.prettylogic.rocks\/de\/beratung-real-time-3d-configurator\/"]}]},{"@type":"BreadcrumbList","@id":"https:\/\/ff.prettylogic.rocks\/de\/beratung-real-time-3d-configurator\/#breadcrumb","itemListElement":[{"@type":"ListItem","position":1,"name":"Home","item":"https:\/\/ff.prettylogic.rocks\/de\/"},{"@type":"ListItem","position":2,"name":"Book a demo &#8211; BERATUNG REAL-TIME 3D CONFIGURATOR"}]},{"@type":"WebSite","@id":"https:\/\/ff.prettylogic.rocks\/de\/#website","url":"https:\/\/ff.prettylogic.rocks\/de\/","name":"Friendly Fire","description":"","publisher":{"@id":"https:\/\/ff.prettylogic.rocks\/de\/#organization"},"potentialAction":[{"@type":"SearchAction","target":{"@type":"EntryPoint","urlTemplate":"https:\/\/ff.prettylogic.rocks\/de\/?s={search_term_string}"},"query-input":{"@type":"PropertyValueSpecification","valueRequired":true,"valueName":"search_term_string"}}],"inLanguage":"de"},{"@type":"Organization","@id":"https:\/\/ff.prettylogic.rocks\/de\/#organization","name":"Friendly Fire","url":"https:\/\/ff.prettylogic.rocks\/de\/","logo":{"@type":"ImageObject","inLanguage":"de","@id":"https:\/\/ff.prettylogic.rocks\/de\/#\/schema\/logo\/image\/","url":"https:\/\/ff.prettylogic.rocks\/wp-content\/uploads\/2024\/06\/logo.svg","contentUrl":"https:\/\/ff.prettylogic.rocks\/wp-content\/uploads\/2024\/06\/logo.svg","width":78,"height":65,"caption":"Friendly Fire"},"image":{"@id":"https:\/\/ff.prettylogic.rocks\/de\/#\/schema\/logo\/image\/"},"sameAs":["https:\/\/www.instagram.com\/friendlyfire_productions\/","https:\/\/vimeo.com\/friendlyfire3d"]}]}},"_links":{"self":[{"href":"https:\/\/ff.prettylogic.rocks\/de\/wp-json\/wp\/v2\/pages\/6905","targetHints":{"allow":["GET"]}}],"collection":[{"href":"https:\/\/ff.prettylogic.rocks\/de\/wp-json\/wp\/v2\/pages"}],"about":[{"href":"https:\/\/ff.prettylogic.rocks\/de\/wp-json\/wp\/v2\/types\/page"}],"author":[{"embeddable":true,"href":"https:\/\/ff.prettylogic.rocks\/de\/wp-json\/wp\/v2\/users\/1"}],"replies":[{"embeddable":true,"href":"https:\/\/ff.prettylogic.rocks\/de\/wp-json\/wp\/v2\/comments?post=6905"}],"version-history":[{"count":0,"href":"https:\/\/ff.prettylogic.rocks\/de\/wp-json\/wp\/v2\/pages\/6905\/revisions"}],"wp:attachment":[{"href":"https:\/\/ff.prettylogic.rocks\/de\/wp-json\/wp\/v2\/media?parent=6905"}],"curies":[{"name":"wp","href":"https:\/\/api.w.org\/{rel}","templated":true}]}}